{"id":30,"date":"2014-02-18T16:45:27","date_gmt":"2014-02-18T15:45:27","guid":{"rendered":"http:\/\/odczyt-skasowanych-sms.cba.pl\/?page_id=30"},"modified":"2021-10-18T14:59:47","modified_gmt":"2021-10-18T12:59:47","slug":"sadowa-ekspertyza-telefonu","status":"publish","type":"page","link":"https:\/\/odczyt-skasowanych-sms.euro-soft.pl\/","title":{"rendered":"Wykrywanie pods\u0142uchu w telefonie"},"content":{"rendered":"\t\t<div data-elementor-type=\"wp-page\" data-elementor-id=\"30\" class=\"elementor elementor-30\">\n\t\t\t\t\t\t<div class=\"elementor-inner\">\n\t\t\t\t<div class=\"elementor-section-wrap\">\n\t\t\t\t\t\t\t\t\t<section class=\"elementor-section elementor-top-section elementor-element elementor-element-29b14c elementor-section-boxed elementor-section-height-default elementor-section-height-default\" data-id=\"29b14c\" data-element_type=\"section\">\n\t\t\t\t\t\t<div class=\"elementor-container elementor-column-gap-default\">\n\t\t\t\t\t\t\t<div class=\"elementor-row\">\n\t\t\t\t\t<div class=\"elementor-column elementor-col-100 elementor-top-column elementor-element elementor-element-6cbcab2\" data-id=\"6cbcab2\" data-element_type=\"column\">\n\t\t\t<div class=\"elementor-column-wrap elementor-element-populated\">\n\t\t\t\t\t\t\t<div class=\"elementor-widget-wrap\">\n\t\t\t\t\t\t<div class=\"elementor-element elementor-element-17ac9137 elementor-widget__width-inherit elementor-widget elementor-widget-text-editor\" data-id=\"17ac9137\" data-element_type=\"widget\" data-widget_type=\"text-editor.default\">\n\t\t\t\t<div class=\"elementor-widget-container\">\n\t\t\t\t\t\t\t\t<div class=\"elementor-text-editor elementor-clearfix\">\n\t\t\t\t<h2>\u00a0<\/h2><p>\u00a0<\/p><p>\u00a0<\/p><p>\u00a0<\/p><p>\u00a0<\/p><p>\u00a0<\/p><p>\u00a0<\/p><h2 style=\"text-align: center;\"><strong>Wykrywanie pods\u0142uchu w telefonie.<\/strong><\/h2><p><img loading=\"lazy\" class=\"size-medium wp-image-930 alignleft\" src=\"https:\/\/odczyt-skasowanych-sms.euro-soft.pl\/wp-content\/uploads\/2020\/02\/4-PC-Ufed-253x300.jpg\" alt=\"Wykrywanie pods\u0142uchu w telefonie\" width=\"253\" height=\"300\" srcset=\"https:\/\/odczyt-skasowanych-sms.euro-soft.pl\/wp-content\/uploads\/2020\/02\/4-PC-Ufed-253x300.jpg 253w, https:\/\/odczyt-skasowanych-sms.euro-soft.pl\/wp-content\/uploads\/2020\/02\/4-PC-Ufed-126x150.jpg 126w, https:\/\/odczyt-skasowanych-sms.euro-soft.pl\/wp-content\/uploads\/2020\/02\/4-PC-Ufed.jpg 320w\" sizes=\"(max-width: 253px) 100vw, 253px\" \/><\/p><p>Pods\u0142uch telefonu mo\u017ce by\u0107 realizowany poprzez zainstalowania w telefonie aplikacji szpiegowskiej typu SPY PHON. Telefon mo\u017ce by\u0107 pods\u0142uchiwany z poziomu operatora a to oznacza \u017c interesuj\u0105 si\u0119 nami s\u0142u\u017cby pa\u0144stwowe. Na rynku istniej\u0105 firmy oferuj\u0105ce tego typu us\u0142ugi. Problem polega na tym w jaki spos\u00f3b zweryfikowa\u0107 dan\u0105 firm\u0119 pod k\u0105tem rzetelno\u015bci wykonanych czynno\u015bci zwi\u0105zanych z wykrywaniem pods\u0142uchu w telefonie. Abu skuteczne przeprowadzi\u0107 proces wykrywania nale\u017cy posiada\u0107 odpowiednie narz\u0119dzia\u00a0 do tego przeznaczone.<\/p><p>W Euro-Soft wykonujemy tego typu zlecenia wykorzystuj\u0105c do tego celu system stworzony przez Cellebrit TelAwiv\u00a0 o nazwie UFED 4PC.<\/p><p>W sk\u0142ad tego systemu wchodz\u0105 :<\/p><ol><li>Aplikacja od odczytu telefonu UFED 4PC<\/li><li>\u00a0Aplikacja do analizy pozyskanych informacji PHYSICAL\u00a0 ANALIZER<\/li><li>Komplet kabli do po\u0142\u0105czenia badanego telefonu z komputerem<\/li><li>Konektor UFED Device Adapter<\/li><\/ol><p><span style=\"color: #ff0000;\">System ten jest u\u017cytkowany tylko przez podmioty posiadaj\u0105ce aktualn\u0105 licencje Cellebrit. Wyga\u015bni\u0119cie licencji skutkuj\u0119 natychmiastow\u0105 blokad\u0105 systemu.<\/span><\/p><p>Euro-Soft posiada licencje nr.\u00a0 5935759<\/p><h2 style=\"text-align: center;\"><strong>Wymienione elementy systemu prezentujemy poni\u017cej.<\/strong><\/h2><p style=\"text-align: center;\"><img loading=\"lazy\" class=\"alignnone wp-image-3413 size-full\" src=\"https:\/\/odczyt-skasowanych-sms.euro-soft.pl\/wp-content\/uploads\/2021\/09\/ufed-4-pc.jpg\" alt=\"wykrywanie pods\u0142uchu w telefonie aplikacje\" width=\"950\" height=\"326\" srcset=\"https:\/\/odczyt-skasowanych-sms.euro-soft.pl\/wp-content\/uploads\/2021\/09\/ufed-4-pc.jpg 950w, https:\/\/odczyt-skasowanych-sms.euro-soft.pl\/wp-content\/uploads\/2021\/09\/ufed-4-pc-300x103.jpg 300w, https:\/\/odczyt-skasowanych-sms.euro-soft.pl\/wp-content\/uploads\/2021\/09\/ufed-4-pc-768x264.jpg 768w, https:\/\/odczyt-skasowanych-sms.euro-soft.pl\/wp-content\/uploads\/2021\/09\/ufed-4-pc-150x51.jpg 150w, https:\/\/odczyt-skasowanych-sms.euro-soft.pl\/wp-content\/uploads\/2021\/09\/ufed-4-pc-250x86.jpg 250w\" sizes=\"(max-width: 950px) 100vw, 950px\" \/><\/p><p style=\"text-align: center;\">Physical Analizer s\u0142u\u017cy do odczytu telefonu.\u00a0 \u00a0 \u00a0 \u00a0 \u00a0 \u00a0 \u00a0 \u00a0 \u00a0 \u00a0 \u00a0 \u00a0 \u00a0 \u00a0 \u00a0 \u00a0 \u00a0 \u00a0 \u00a0 \u00a0 \u00a0 \u00a0 \u00a0UFED 4PC wykonuje rapor z odczytu telefonu<\/p><p style=\"text-align: left;\"><img loading=\"lazy\" class=\"wp-image-3439 size-full aligncenter\" src=\"https:\/\/odczyt-skasowanych-sms.euro-soft.pl\/wp-content\/uploads\/2021\/09\/Kable-YFED-4PC-i-madul.jpg\" alt=\"Okablowanie do UFED 4PC\" width=\"559\" height=\"315\" srcset=\"https:\/\/odczyt-skasowanych-sms.euro-soft.pl\/wp-content\/uploads\/2021\/09\/Kable-YFED-4PC-i-madul.jpg 559w, https:\/\/odczyt-skasowanych-sms.euro-soft.pl\/wp-content\/uploads\/2021\/09\/Kable-YFED-4PC-i-madul-300x169.jpg 300w, https:\/\/odczyt-skasowanych-sms.euro-soft.pl\/wp-content\/uploads\/2021\/09\/Kable-YFED-4PC-i-madul-150x85.jpg 150w, https:\/\/odczyt-skasowanych-sms.euro-soft.pl\/wp-content\/uploads\/2021\/09\/Kable-YFED-4PC-i-madul-250x141.jpg 250w\" sizes=\"(max-width: 559px) 100vw, 559px\" \/> \u00a0 \u00a0 \u00a0 \u00a0Pe\u0142en zestaw kabli do po\u0142\u0105czenia telefonu z modu\u0142em przej\u015bciowym.\u00a0 Numer kabla jest wy\u015bwietlany po zidentyfikowaniu badanego telefonu przez aplikacje Physical Analizer. Pod\u0142\u0105czenie nieprawid\u0142owego kabla USB spowoduje brak \u0142\u0105czno\u015bci pomi\u0119dzy badanym telefonem a systemem a konkretnie aplikacja Physical Analyzer.<\/p><p><strong>Wykrywanie pods\u0142uchu w telefonie<\/strong> odbywa si\u0119 zgodnie z procedura opracowana przez Cellebrite. Na wst\u0119pie odczytujemy wszystkie aplikacje istniej\u0105ce w badanym telefonie. Nast\u0119pnie pobierana jest aktualna baza danych o aplikacjach pods\u0142uchowych z Cellebrite Tel Awiw. Po por\u00f3wnaniu tych dw\u00f3ch zbior\u00f3w otrzymujemy informacje czy w badanym telefonie istnieje aplikacja pods\u0142uchowa.<\/p><p>Poni\u017cej prezentujemy wynik opisanej metody wykrywania pods\u0142uchu w telefonie kom\u00f3rkowym.<\/p><p style=\"text-align: center;\"><img loading=\"lazy\" class=\"alignnone wp-image-3476 size-full\" src=\"https:\/\/odczyt-skasowanych-sms.euro-soft.pl\/wp-content\/uploads\/2021\/10\/aplikacja-szpeg-1.jpg\" alt=\"aplikacje pods\u0142uchowe Android\" width=\"380\" height=\"317\" srcset=\"https:\/\/odczyt-skasowanych-sms.euro-soft.pl\/wp-content\/uploads\/2021\/10\/aplikacja-szpeg-1.jpg 380w, https:\/\/odczyt-skasowanych-sms.euro-soft.pl\/wp-content\/uploads\/2021\/10\/aplikacja-szpeg-1-300x250.jpg 300w, https:\/\/odczyt-skasowanych-sms.euro-soft.pl\/wp-content\/uploads\/2021\/10\/aplikacja-szpeg-1-150x125.jpg 150w, https:\/\/odczyt-skasowanych-sms.euro-soft.pl\/wp-content\/uploads\/2021\/10\/aplikacja-szpeg-1-180x150.jpg 180w\" sizes=\"(max-width: 380px) 100vw, 380px\" \/><\/p><p><img loading=\"lazy\" class=\"aligncenter wp-image-3478 size-full\" src=\"https:\/\/odczyt-skasowanych-sms.euro-soft.pl\/wp-content\/uploads\/2021\/10\/aplikacja-podsluchowe-2.jpg\" alt=\"aplikacje pods\u0142uchowe na Android\" width=\"1024\" height=\"216\" srcset=\"https:\/\/odczyt-skasowanych-sms.euro-soft.pl\/wp-content\/uploads\/2021\/10\/aplikacja-podsluchowe-2.jpg 1024w, https:\/\/odczyt-skasowanych-sms.euro-soft.pl\/wp-content\/uploads\/2021\/10\/aplikacja-podsluchowe-2-300x63.jpg 300w, https:\/\/odczyt-skasowanych-sms.euro-soft.pl\/wp-content\/uploads\/2021\/10\/aplikacja-podsluchowe-2-768x162.jpg 768w, https:\/\/odczyt-skasowanych-sms.euro-soft.pl\/wp-content\/uploads\/2021\/10\/aplikacja-podsluchowe-2-150x32.jpg 150w, https:\/\/odczyt-skasowanych-sms.euro-soft.pl\/wp-content\/uploads\/2021\/10\/aplikacja-podsluchowe-2-250x53.jpg 250w\" sizes=\"(max-width: 1024px) 100vw, 1024px\" \/><\/p><h2 style=\"text-align: center;\"><strong>Poni\u017cej prezentujemy kolejne etapy wykrywania pods\u0142uchu w telefonie aPhone<\/strong><\/h2><p><img loading=\"lazy\" class=\"aligncenter wp-image-3459 size-full\" src=\"https:\/\/odczyt-skasowanych-sms.euro-soft.pl\/wp-content\/uploads\/2021\/09\/pobranie-bazy-danych-z-cellebrite.jpg\" alt=\"aplikacje pods\u0142uchowe \" width=\"793\" height=\"408\" srcset=\"https:\/\/odczyt-skasowanych-sms.euro-soft.pl\/wp-content\/uploads\/2021\/09\/pobranie-bazy-danych-z-cellebrite.jpg 793w, https:\/\/odczyt-skasowanych-sms.euro-soft.pl\/wp-content\/uploads\/2021\/09\/pobranie-bazy-danych-z-cellebrite-300x154.jpg 300w, https:\/\/odczyt-skasowanych-sms.euro-soft.pl\/wp-content\/uploads\/2021\/09\/pobranie-bazy-danych-z-cellebrite-768x395.jpg 768w, https:\/\/odczyt-skasowanych-sms.euro-soft.pl\/wp-content\/uploads\/2021\/09\/pobranie-bazy-danych-z-cellebrite-150x77.jpg 150w, https:\/\/odczyt-skasowanych-sms.euro-soft.pl\/wp-content\/uploads\/2021\/09\/pobranie-bazy-danych-z-cellebrite-250x129.jpg 250w\" sizes=\"(max-width: 793px) 100vw, 793px\" \/><\/p><p><img loading=\"lazy\" class=\"aligncenter wp-image-3460 size-full\" src=\"https:\/\/odczyt-skasowanych-sms.euro-soft.pl\/wp-content\/uploads\/2021\/09\/wykrycie-aplikacji-szpiegowskich.jpg\" alt=\"wykrywanie pods\u0142uchu w telefonie\" width=\"800\" height=\"444\" srcset=\"https:\/\/odczyt-skasowanych-sms.euro-soft.pl\/wp-content\/uploads\/2021\/09\/wykrycie-aplikacji-szpiegowskich.jpg 800w, https:\/\/odczyt-skasowanych-sms.euro-soft.pl\/wp-content\/uploads\/2021\/09\/wykrycie-aplikacji-szpiegowskich-300x167.jpg 300w, https:\/\/odczyt-skasowanych-sms.euro-soft.pl\/wp-content\/uploads\/2021\/09\/wykrycie-aplikacji-szpiegowskich-768x426.jpg 768w, https:\/\/odczyt-skasowanych-sms.euro-soft.pl\/wp-content\/uploads\/2021\/09\/wykrycie-aplikacji-szpiegowskich-150x83.jpg 150w, https:\/\/odczyt-skasowanych-sms.euro-soft.pl\/wp-content\/uploads\/2021\/09\/wykrycie-aplikacji-szpiegowskich-250x139.jpg 250w\" sizes=\"(max-width: 800px) 100vw, 800px\" \/><\/p><p style=\"text-align: center;\">Opis wykrytej aplikacji pods\u0142uchowej.<\/p><p><img loading=\"lazy\" class=\"wp-image-3461 size-full aligncenter\" src=\"https:\/\/odczyt-skasowanych-sms.euro-soft.pl\/wp-content\/uploads\/2021\/09\/opis-aplikacji-podsluchowych.jpg\" alt=\"wykrywanie pods\u0142uchu w telefonie aPhone\" width=\"797\" height=\"472\" srcset=\"https:\/\/odczyt-skasowanych-sms.euro-soft.pl\/wp-content\/uploads\/2021\/09\/opis-aplikacji-podsluchowych.jpg 797w, https:\/\/odczyt-skasowanych-sms.euro-soft.pl\/wp-content\/uploads\/2021\/09\/opis-aplikacji-podsluchowych-300x178.jpg 300w, https:\/\/odczyt-skasowanych-sms.euro-soft.pl\/wp-content\/uploads\/2021\/09\/opis-aplikacji-podsluchowych-768x455.jpg 768w, https:\/\/odczyt-skasowanych-sms.euro-soft.pl\/wp-content\/uploads\/2021\/09\/opis-aplikacji-podsluchowych-150x89.jpg 150w, https:\/\/odczyt-skasowanych-sms.euro-soft.pl\/wp-content\/uploads\/2021\/09\/opis-aplikacji-podsluchowych-250x148.jpg 250w\" sizes=\"(max-width: 797px) 100vw, 797px\" \/><\/p>\t\t\t\t\t<\/div>\n\t\t\t\t\t\t<\/div>\n\t\t\t\t<\/div>\n\t\t\t\t<div class=\"elementor-element elementor-element-419e04d elementor-shape-rounded elementor-grid-0 e-grid-align-center elementor-widget elementor-widget-social-icons\" data-id=\"419e04d\" data-element_type=\"widget\" data-widget_type=\"social-icons.default\">\n\t\t\t\t<div class=\"elementor-widget-container\">\n\t\t\t\t\t<div class=\"elementor-social-icons-wrapper elementor-grid\">\n\t\t\t\t\t\t\t<span class=\"elementor-grid-item\">\n\t\t\t\t\t<a class=\"elementor-icon elementor-social-icon elementor-social-icon-facebook elementor-repeater-item-8bd39db\" href=\"https:\/\/www.facebook.com\/Odczyt-skasowanych-SMS-Wykrywanie-pods%C5%82uchu-w-telefonie-101178498273723\/?ref=pages_you_manage\" target=\"_blank\">\n\t\t\t\t\t\t<span class=\"elementor-screen-only\">Facebook<\/span>\n\t\t\t\t\t\t<i class=\"fab fa-facebook\"><\/i>\t\t\t\t\t<\/a>\n\t\t\t\t<\/span>\n\t\t\t\t\t\t\t<span class=\"elementor-grid-item\">\n\t\t\t\t\t<a class=\"elementor-icon elementor-social-icon elementor-social-icon-twitter elementor-repeater-item-86fe929\" href=\"https:\/\/twitter.com\/EuroSoft12\" target=\"_blank\">\n\t\t\t\t\t\t<span class=\"elementor-screen-only\">Twitter<\/span>\n\t\t\t\t\t\t<i class=\"fab fa-twitter\"><\/i>\t\t\t\t\t<\/a>\n\t\t\t\t<\/span>\n\t\t\t\t\t\t\t<span class=\"elementor-grid-item\">\n\t\t\t\t\t<a class=\"elementor-icon elementor-social-icon elementor-social-icon-youtube elementor-repeater-item-d784adb\" href=\"https:\/\/www.youtube.com\/watch?v=UEkNlhxAwhc&#038;t=5s\" target=\"_blank\">\n\t\t\t\t\t\t<span class=\"elementor-screen-only\">Youtube<\/span>\n\t\t\t\t\t\t<i class=\"fab fa-youtube\"><\/i>\t\t\t\t\t<\/a>\n\t\t\t\t<\/span>\n\t\t\t\t\t<\/div>\n\t\t\t\t<\/div>\n\t\t\t\t<\/div>\n\t\t\t\t\t\t<\/div>\n\t\t\t\t\t<\/div>\n\t\t<\/div>\n\t\t\t\t\t\t\t\t<\/div>\n\t\t\t\t\t<\/div>\n\t\t<\/section>\n\t\t\t\t\t\t\t\t\t<\/div>\n\t\t\t<\/div>\n\t\t\t\t\t<\/div>\n\t\t","protected":false},"excerpt":{"rendered":"<p>\u00a0 \u00a0 \u00a0 \u00a0 \u00a0 \u00a0 \u00a0 Wykrywanie pods\u0142uchu w telefonie. Pods\u0142uch telefonu mo\u017ce by\u0107 realizowany poprzez zainstalowania w telefonie aplikacji szpiegowskiej typu SPY PHON. Telefon mo\u017ce by\u0107 pods\u0142uchiwany z poziomu operatora a to oznacza \u017c interesuj\u0105 si\u0119 nami s\u0142u\u017cby pa\u0144stwowe. Na rynku istniej\u0105 firmy oferuj\u0105ce tego typu us\u0142ugi. Problem&#8230; <a class=\"continue-reading-link\" href=\"https:\/\/odczyt-skasowanych-sms.euro-soft.pl\/\"> Continue reading <span class=\"meta-nav\">&rarr; <\/span><\/a> <a class=\"continue-reading-link\" href=\"https:\/\/odczyt-skasowanych-sms.euro-soft.pl\/\"> Continue reading <span class=\"meta-nav\">&rarr; <\/span><\/a><\/p>\n","protected":false},"author":2,"featured_media":930,"parent":0,"menu_order":1,"comment_status":"open","ping_status":"closed","template":"elementor_header_footer","meta":[],"_links":{"self":[{"href":"https:\/\/odczyt-skasowanych-sms.euro-soft.pl\/index.php\/wp-json\/wp\/v2\/pages\/30"}],"collection":[{"href":"https:\/\/odczyt-skasowanych-sms.euro-soft.pl\/index.php\/wp-json\/wp\/v2\/pages"}],"about":[{"href":"https:\/\/odczyt-skasowanych-sms.euro-soft.pl\/index.php\/wp-json\/wp\/v2\/types\/page"}],"author":[{"embeddable":true,"href":"https:\/\/odczyt-skasowanych-sms.euro-soft.pl\/index.php\/wp-json\/wp\/v2\/users\/2"}],"replies":[{"embeddable":true,"href":"https:\/\/odczyt-skasowanych-sms.euro-soft.pl\/index.php\/wp-json\/wp\/v2\/comments?post=30"}],"version-history":[{"count":755,"href":"https:\/\/odczyt-skasowanych-sms.euro-soft.pl\/index.php\/wp-json\/wp\/v2\/pages\/30\/revisions"}],"predecessor-version":[{"id":3484,"href":"https:\/\/odczyt-skasowanych-sms.euro-soft.pl\/index.php\/wp-json\/wp\/v2\/pages\/30\/revisions\/3484"}],"wp:featuredmedia":[{"embeddable":true,"href":"https:\/\/odczyt-skasowanych-sms.euro-soft.pl\/index.php\/wp-json\/wp\/v2\/media\/930"}],"wp:attachment":[{"href":"https:\/\/odczyt-skasowanych-sms.euro-soft.pl\/index.php\/wp-json\/wp\/v2\/media?parent=30"}],"curies":[{"name":"wp","href":"https:\/\/api.w.org\/{rel}","templated":true}]}}