{"id":2830,"date":"2021-03-07T09:45:41","date_gmt":"2021-03-07T08:45:41","guid":{"rendered":"https:\/\/odczyt-skasowanych-sms.euro-soft.pl\/?page_id=2830"},"modified":"2021-06-20T17:18:50","modified_gmt":"2021-06-20T15:18:50","slug":"koszt","status":"publish","type":"page","link":"https:\/\/odczyt-skasowanych-sms.euro-soft.pl\/index.php\/koszt\/","title":{"rendered":"Koszt odczytu"},"content":{"rendered":"\t\t<div data-elementor-type=\"wp-page\" data-elementor-id=\"2830\" class=\"elementor elementor-2830\">\n\t\t\t\t\t\t<div class=\"elementor-inner\">\n\t\t\t\t<div class=\"elementor-section-wrap\">\n\t\t\t\t\t\t\t\t\t<section class=\"elementor-section elementor-top-section elementor-element elementor-element-701d596 elementor-section-boxed elementor-section-height-default elementor-section-height-default\" data-id=\"701d596\" data-element_type=\"section\">\n\t\t\t\t\t\t<div class=\"elementor-container elementor-column-gap-default\">\n\t\t\t\t\t\t\t<div class=\"elementor-row\">\n\t\t\t\t\t<div class=\"elementor-column elementor-col-100 elementor-top-column elementor-element elementor-element-16733f9\" data-id=\"16733f9\" data-element_type=\"column\">\n\t\t\t<div class=\"elementor-column-wrap elementor-element-populated\">\n\t\t\t\t\t\t\t<div class=\"elementor-widget-wrap\">\n\t\t\t\t\t\t<div class=\"elementor-element elementor-element-912909e elementor-widget elementor-widget-text-editor\" data-id=\"912909e\" data-element_type=\"widget\" data-widget_type=\"text-editor.default\">\n\t\t\t\t<div class=\"elementor-widget-container\">\n\t\t\t\t\t\t\t\t<div class=\"elementor-text-editor elementor-clearfix\">\n\t\t\t\t<h2 style=\"text-align: center;\">Koszty dowod\u00f3w<\/h2><h3 style=\"text-align: center;\"><img loading=\"lazy\" class=\"alignnone wp-image-1197 size-full\" src=\"https:\/\/odczyt-skasowanych-sms.euro-soft.pl\/wp-content\/uploads\/2020\/08\/2-strona.jpg\" alt=\"koszty dowod\u00f3w\" width=\"892\" height=\"695\" srcset=\"https:\/\/odczyt-skasowanych-sms.euro-soft.pl\/wp-content\/uploads\/2020\/08\/2-strona.jpg 892w, https:\/\/odczyt-skasowanych-sms.euro-soft.pl\/wp-content\/uploads\/2020\/08\/2-strona-300x234.jpg 300w, https:\/\/odczyt-skasowanych-sms.euro-soft.pl\/wp-content\/uploads\/2020\/08\/2-strona-768x598.jpg 768w, https:\/\/odczyt-skasowanych-sms.euro-soft.pl\/wp-content\/uploads\/2020\/08\/2-strona-150x117.jpg 150w, https:\/\/odczyt-skasowanych-sms.euro-soft.pl\/wp-content\/uploads\/2020\/08\/2-strona-193x150.jpg 193w\" sizes=\"(max-width: 892px) 100vw, 892px\" \/><\/h3><p>Koszty odczytu telefonu zale\u017c\u0105 od zakresu wykonanych czynno\u015bci.<br \/><a href=\"https:\/\/odczyt-skasowanych-sms.euro-soft.pl\/wp-content\/uploads\/2021\/03\/ekstrakcja-fizyczna.jpg\"><img loading=\"lazy\" class=\"size-medium wp-image-2886 alignleft\" src=\"https:\/\/odczyt-skasowanych-sms.euro-soft.pl\/wp-content\/uploads\/2021\/03\/ekstrakcja-fizyczna-300x171.jpg\" alt=\"ekstrakcja fizyczna\" width=\"300\" height=\"171\" srcset=\"https:\/\/odczyt-skasowanych-sms.euro-soft.pl\/wp-content\/uploads\/2021\/03\/ekstrakcja-fizyczna-300x171.jpg 300w, https:\/\/odczyt-skasowanych-sms.euro-soft.pl\/wp-content\/uploads\/2021\/03\/ekstrakcja-fizyczna-150x85.jpg 150w, https:\/\/odczyt-skasowanych-sms.euro-soft.pl\/wp-content\/uploads\/2021\/03\/ekstrakcja-fizyczna-250x142.jpg 250w, https:\/\/odczyt-skasowanych-sms.euro-soft.pl\/wp-content\/uploads\/2021\/03\/ekstrakcja-fizyczna.jpg 700w\" sizes=\"(max-width: 300px) 100vw, 300px\" \/><\/a><br \/>Odczyt telefonu w ekstrakcji fizycznej\u00a0 &#8211; 1200 z\u0142<\/p><p style=\"text-align: center;\"><img loading=\"lazy\" class=\"size-medium wp-image-2887 alignleft\" src=\"https:\/\/odczyt-skasowanych-sms.euro-soft.pl\/wp-content\/uploads\/2021\/03\/ekstrakcja-logiczna-300x171.jpg\" alt=\"ekstrakcja logiczna\" width=\"300\" height=\"171\" srcset=\"https:\/\/odczyt-skasowanych-sms.euro-soft.pl\/wp-content\/uploads\/2021\/03\/ekstrakcja-logiczna-300x171.jpg 300w, https:\/\/odczyt-skasowanych-sms.euro-soft.pl\/wp-content\/uploads\/2021\/03\/ekstrakcja-logiczna-150x85.jpg 150w, https:\/\/odczyt-skasowanych-sms.euro-soft.pl\/wp-content\/uploads\/2021\/03\/ekstrakcja-logiczna-250x142.jpg 250w, https:\/\/odczyt-skasowanych-sms.euro-soft.pl\/wp-content\/uploads\/2021\/03\/ekstrakcja-logiczna.jpg 700w\" sizes=\"(max-width: 300px) 100vw, 300px\" \/><\/p><p>Odczyt telefonu w ekstrakcji logicznej\u00a0 &#8211; 1000 z\u0142<\/p><p>Analiza materia\u0142u pod k\u0105tem ustalonego wyr\u00f3\u017cnika (nr. telefonu, daty) &#8211; 200 z\u0142 za jeden wyr\u00f3\u017cnik.<br \/><a href=\"https:\/\/odczyt-skasowanych-sms.euro-soft.pl\/wp-content\/uploads\/2021\/03\/usuwane-blokady.jpg\"><img loading=\"lazy\" class=\"size-medium wp-image-2888 alignleft\" src=\"https:\/\/odczyt-skasowanych-sms.euro-soft.pl\/wp-content\/uploads\/2021\/03\/usuwane-blokady-300x171.jpg\" alt=\"usuwanie blokady\" width=\"300\" height=\"171\" srcset=\"https:\/\/odczyt-skasowanych-sms.euro-soft.pl\/wp-content\/uploads\/2021\/03\/usuwane-blokady-300x171.jpg 300w, https:\/\/odczyt-skasowanych-sms.euro-soft.pl\/wp-content\/uploads\/2021\/03\/usuwane-blokady-150x85.jpg 150w, https:\/\/odczyt-skasowanych-sms.euro-soft.pl\/wp-content\/uploads\/2021\/03\/usuwane-blokady-250x142.jpg 250w, https:\/\/odczyt-skasowanych-sms.euro-soft.pl\/wp-content\/uploads\/2021\/03\/usuwane-blokady.jpg 700w\" sizes=\"(max-width: 300px) 100vw, 300px\" \/><\/a><br \/>Usuwanie blokady telefonu &#8211; 600 z\u0142<\/p><p>Opinia bieg\u0142ego s\u0105dowego dotycz\u0105ca badanego telefonu 600 z\u0142<\/p><p>Przebieg procedury odczytu:<\/p><ol><li>Na wst\u0119pie nale\u017cy podj\u0105\u0107 kontakt telefoniczny z numerem 501-159-903 i poda\u0107 nazw\u0119 i model telefonu. Model telefonu jest do odczytu w &#8222;ustawieniach&#8221; lub czasami znajduje si\u0119 na tylnej \u015bcianie telefonu. Na podstawie otrzymanych informacji sprawdzamy mo\u017cliwo\u015bci systemu UFED 4PC dla konkretnego modelu telefonu.<\/li><li>W przypadku pozytywnych wst\u0119pnych informacji co do mo\u017cliwo\u015bci odczytu nale\u017cy telefon dostarczy\u0107 do siedziby Euro-Soft. Mo\u017cna to wykona\u0107 odwiedzaj\u0105c nas lub przesy\u0142aj\u0105c telefon poczt\u0105. Na tym etapie nale\u017cy poda\u0107 ilo\u015b\u0107 przewidzianych wyr\u00f3\u017cnik\u00f3w w raporcie ko\u0144cowym. Nale\u017cy tak\u017ce okre\u015bli\u0107 czy jest wymagana prywatna opinia bieg\u0142ego s\u0105dowego.<\/li><li>Raport jest wykonywany w okresie ok. 2-4 dni. Opracowany materia\u0142 jest przesy\u0142any poczt\u0105 za pobraniem w postaci plik\u00f3w PDF umieszczonych na pendrive.<\/li><\/ol><p style=\"text-align: center;\"><img loading=\"lazy\" class=\"alignnone wp-image-1087 size-full\" src=\"https:\/\/odczyt-skasowanych-sms.euro-soft.pl\/wp-content\/uploads\/2020\/05\/UFED2.png\" alt=\"Koszt odczytu\" width=\"611\" height=\"497\" srcset=\"https:\/\/odczyt-skasowanych-sms.euro-soft.pl\/wp-content\/uploads\/2020\/05\/UFED2.png 611w, https:\/\/odczyt-skasowanych-sms.euro-soft.pl\/wp-content\/uploads\/2020\/05\/UFED2-300x244.png 300w, https:\/\/odczyt-skasowanych-sms.euro-soft.pl\/wp-content\/uploads\/2020\/05\/UFED2-150x122.png 150w, https:\/\/odczyt-skasowanych-sms.euro-soft.pl\/wp-content\/uploads\/2020\/05\/UFED2-184x150.png 184w\" sizes=\"(max-width: 611px) 100vw, 611px\" \/><\/p><p>Powy\u017cej prezentowany jest przyk\u0142adowy wykaz pozyskanych informacji z telefonu w trakcie ekstrakcji fizycznej.\u00a0 Czerwone cyfry w nawiasach informuj\u0105 nas o ilo\u015bci odzyskanych informacji skasowanych.<\/p><p style=\"text-align: center;\">tel. 501-159-903<\/p><p style=\"text-align: center;\">e-mail\u00a0 \u00a0 \u00a0odczyt@euro-soft.pl<\/p><p style=\"text-align: center;\"><a href=\"https:\/\/www.euro-soft.pl\/joomla\/index.php\/8-oferty\/63-odczyt-skasowanych-sms\">Koszty dowod\u00f3w<\/a><\/p><p style=\"text-align: center;\"><a href=\"https:\/\/odczyt-skasowanych-sms.euro-soft.pl\/\">Odczyt skasowanych sms<\/a><\/p>\t\t\t\t\t<\/div>\n\t\t\t\t\t\t<\/div>\n\t\t\t\t<\/div>\n\t\t\t\t\t\t<\/div>\n\t\t\t\t\t<\/div>\n\t\t<\/div>\n\t\t\t\t\t\t\t\t<\/div>\n\t\t\t\t\t<\/div>\n\t\t<\/section>\n\t\t\t\t\t\t\t\t\t<\/div>\n\t\t\t<\/div>\n\t\t\t\t\t<\/div>\n\t\t","protected":false},"excerpt":{"rendered":"<p>Koszty dowod\u00f3w Koszty odczytu telefonu zale\u017c\u0105 od zakresu wykonanych czynno\u015bci.Odczyt telefonu w ekstrakcji fizycznej\u00a0 &#8211; 1200 z\u0142 Odczyt telefonu w ekstrakcji logicznej\u00a0 &#8211; 1000 z\u0142 Analiza materia\u0142u pod k\u0105tem ustalonego wyr\u00f3\u017cnika (nr. telefonu, daty) &#8211; 200 z\u0142 za jeden wyr\u00f3\u017cnik.Usuwanie blokady telefonu &#8211; 600 z\u0142 Opinia bieg\u0142ego s\u0105dowego dotycz\u0105ca badanego&#8230; <a class=\"continue-reading-link\" href=\"https:\/\/odczyt-skasowanych-sms.euro-soft.pl\/index.php\/koszt\/\"> Continue reading <span class=\"meta-nav\">&rarr; <\/span><\/a><\/p>\n","protected":false},"author":2,"featured_media":0,"parent":0,"menu_order":0,"comment_status":"closed","ping_status":"closed","template":"","meta":[],"_links":{"self":[{"href":"https:\/\/odczyt-skasowanych-sms.euro-soft.pl\/index.php\/wp-json\/wp\/v2\/pages\/2830"}],"collection":[{"href":"https:\/\/odczyt-skasowanych-sms.euro-soft.pl\/index.php\/wp-json\/wp\/v2\/pages"}],"about":[{"href":"https:\/\/odczyt-skasowanych-sms.euro-soft.pl\/index.php\/wp-json\/wp\/v2\/types\/page"}],"author":[{"embeddable":true,"href":"https:\/\/odczyt-skasowanych-sms.euro-soft.pl\/index.php\/wp-json\/wp\/v2\/users\/2"}],"replies":[{"embeddable":true,"href":"https:\/\/odczyt-skasowanych-sms.euro-soft.pl\/index.php\/wp-json\/wp\/v2\/comments?post=2830"}],"version-history":[{"count":110,"href":"https:\/\/odczyt-skasowanych-sms.euro-soft.pl\/index.php\/wp-json\/wp\/v2\/pages\/2830\/revisions"}],"predecessor-version":[{"id":3348,"href":"https:\/\/odczyt-skasowanych-sms.euro-soft.pl\/index.php\/wp-json\/wp\/v2\/pages\/2830\/revisions\/3348"}],"wp:attachment":[{"href":"https:\/\/odczyt-skasowanych-sms.euro-soft.pl\/index.php\/wp-json\/wp\/v2\/media?parent=2830"}],"curies":[{"name":"wp","href":"https:\/\/api.w.org\/{rel}","templated":true}]}}